{"id":583,"date":"2024-02-22T05:11:46","date_gmt":"2024-02-22T05:11:46","guid":{"rendered":"https:\/\/docteurdudemenagement.com\/estimation\/"},"modified":"2024-03-12T13:55:30","modified_gmt":"2024-03-12T13:55:30","slug":"estimation","status":"publish","type":"page","link":"https:\/\/docteurdudemenagement.com\/fr\/estimation\/","title":{"rendered":"Estimation"},"content":{"rendered":"","protected":false},"excerpt":{"rendered":"","protected":false},"author":9,"featured_media":0,"parent":0,"menu_order":0,"comment_status":"closed","ping_status":"closed","template":"template-estimation.php","meta":{"_acf_changed":false,"footnotes":""},"class_list":["post-583","page","type-page","status-publish","hentry"],"acf":[],"yoast_head":"<!-- This site is optimized with the Yoast SEO plugin v25.5 - https:\/\/yoast.com\/wordpress\/plugins\/seo\/ -->\n<title>Estimation - Doctor Mover<\/title>\n<meta name=\"description\" content=\"Contactez Docteur du D\u00e9m\u00e9nagement pour \u00e9valuer vos besoins et vous donner une estimation gratuite d\u00e8s maintenant !\" \/>\n<meta name=\"robots\" content=\"index, follow, max-snippet:-1, max-image-preview:large, max-video-preview:-1\" \/>\n<link rel=\"canonical\" href=\"https:\/\/docteurdudemenagement.com\/fr\/estimation\/\" \/>\n<meta property=\"og:locale\" content=\"fr_FR\" \/>\n<meta property=\"og:type\" content=\"article\" \/>\n<meta property=\"og:title\" content=\"Estimation - Doctor Mover\" \/>\n<meta property=\"og:description\" content=\"Contactez Docteur du D\u00e9m\u00e9nagement pour \u00e9valuer vos besoins et vous donner une estimation gratuite d\u00e8s maintenant !\" \/>\n<meta property=\"og:url\" content=\"https:\/\/docteurdudemenagement.com\/fr\/estimation\/\" \/>\n<meta property=\"og:site_name\" content=\"Doctor Mover\" \/>\n<meta property=\"article:modified_time\" content=\"2024-03-12T13:55:30+00:00\" \/>\n<meta name=\"twitter:card\" content=\"summary_large_image\" \/>\n<meta name=\"twitter:label1\" content=\"Dur\u00e9e de lecture estim\u00e9e\" \/>\n\t<meta name=\"twitter:data1\" content=\"1 minute\" \/>\n<script type=\"application\/ld+json\" class=\"yoast-schema-graph\">{\"@context\":\"https:\/\/schema.org\",\"@graph\":[{\"@type\":\"WebPage\",\"@id\":\"https:\/\/docteurdudemenagement.com\/fr\/estimation\/\",\"url\":\"https:\/\/docteurdudemenagement.com\/fr\/estimation\/\",\"name\":\"Estimation - Doctor Mover\",\"isPartOf\":{\"@id\":\"https:\/\/docteurdudemenagement.com\/#website\"},\"datePublished\":\"2024-02-22T05:11:46+00:00\",\"dateModified\":\"2024-03-12T13:55:30+00:00\",\"description\":\"Contactez Docteur du D\u00e9m\u00e9nagement pour \u00e9valuer vos besoins et vous donner une estimation gratuite d\u00e8s maintenant !\",\"inLanguage\":\"fr-FR\",\"potentialAction\":[{\"@type\":\"ReadAction\",\"target\":[\"https:\/\/docteurdudemenagement.com\/fr\/estimation\/\"]}]},{\"@type\":\"WebSite\",\"@id\":\"https:\/\/docteurdudemenagement.com\/#website\",\"url\":\"https:\/\/docteurdudemenagement.com\/\",\"name\":\"Doctor Mover\",\"description\":\"La prescription ultime pour un d\u00e9m\u00e9nagement r\u00e9ussi !\",\"potentialAction\":[{\"@type\":\"SearchAction\",\"target\":{\"@type\":\"EntryPoint\",\"urlTemplate\":\"https:\/\/docteurdudemenagement.com\/?s={search_term_string}\"},\"query-input\":{\"@type\":\"PropertyValueSpecification\",\"valueRequired\":true,\"valueName\":\"search_term_string\"}}],\"inLanguage\":\"fr-FR\"}]}<\/script>\n<!-- \/ Yoast SEO plugin. -->","yoast_head_json":{"title":"Estimation - Doctor Mover","description":"Contactez Docteur du D\u00e9m\u00e9nagement pour \u00e9valuer vos besoins et vous donner une estimation gratuite d\u00e8s maintenant !","robots":{"index":"index","follow":"follow","max-snippet":"max-snippet:-1","max-image-preview":"max-image-preview:large","max-video-preview":"max-video-preview:-1"},"canonical":"https:\/\/docteurdudemenagement.com\/fr\/estimation\/","og_locale":"fr_FR","og_type":"article","og_title":"Estimation - Doctor Mover","og_description":"Contactez Docteur du D\u00e9m\u00e9nagement pour \u00e9valuer vos besoins et vous donner une estimation gratuite d\u00e8s maintenant !","og_url":"https:\/\/docteurdudemenagement.com\/fr\/estimation\/","og_site_name":"Doctor Mover","article_modified_time":"2024-03-12T13:55:30+00:00","twitter_card":"summary_large_image","twitter_misc":{"Dur\u00e9e de lecture estim\u00e9e":"1 minute"},"schema":{"@context":"https:\/\/schema.org","@graph":[{"@type":"WebPage","@id":"https:\/\/docteurdudemenagement.com\/fr\/estimation\/","url":"https:\/\/docteurdudemenagement.com\/fr\/estimation\/","name":"Estimation - Doctor Mover","isPartOf":{"@id":"https:\/\/docteurdudemenagement.com\/#website"},"datePublished":"2024-02-22T05:11:46+00:00","dateModified":"2024-03-12T13:55:30+00:00","description":"Contactez Docteur du D\u00e9m\u00e9nagement pour \u00e9valuer vos besoins et vous donner une estimation gratuite d\u00e8s maintenant !","inLanguage":"fr-FR","potentialAction":[{"@type":"ReadAction","target":["https:\/\/docteurdudemenagement.com\/fr\/estimation\/"]}]},{"@type":"WebSite","@id":"https:\/\/docteurdudemenagement.com\/#website","url":"https:\/\/docteurdudemenagement.com\/","name":"Doctor Mover","description":"La prescription ultime pour un d\u00e9m\u00e9nagement r\u00e9ussi !","potentialAction":[{"@type":"SearchAction","target":{"@type":"EntryPoint","urlTemplate":"https:\/\/docteurdudemenagement.com\/?s={search_term_string}"},"query-input":{"@type":"PropertyValueSpecification","valueRequired":true,"valueName":"search_term_string"}}],"inLanguage":"fr-FR"}]}},"_links":{"self":[{"href":"https:\/\/docteurdudemenagement.com\/fr\/wp-json\/wp\/v2\/pages\/583","targetHints":{"allow":["GET"]}}],"collection":[{"href":"https:\/\/docteurdudemenagement.com\/fr\/wp-json\/wp\/v2\/pages"}],"about":[{"href":"https:\/\/docteurdudemenagement.com\/fr\/wp-json\/wp\/v2\/types\/page"}],"author":[{"embeddable":true,"href":"https:\/\/docteurdudemenagement.com\/fr\/wp-json\/wp\/v2\/users\/9"}],"replies":[{"embeddable":true,"href":"https:\/\/docteurdudemenagement.com\/fr\/wp-json\/wp\/v2\/comments?post=583"}],"version-history":[{"count":5,"href":"https:\/\/docteurdudemenagement.com\/fr\/wp-json\/wp\/v2\/pages\/583\/revisions"}],"predecessor-version":[{"id":927,"href":"https:\/\/docteurdudemenagement.com\/fr\/wp-json\/wp\/v2\/pages\/583\/revisions\/927"}],"wp:attachment":[{"href":"https:\/\/docteurdudemenagement.com\/fr\/wp-json\/wp\/v2\/media?parent=583"}],"curies":[{"name":"wp","href":"https:\/\/api.w.org\/{rel}","templated":true}]}}