{"id":598,"date":"2024-02-22T05:10:30","date_gmt":"2024-02-22T05:10:30","guid":{"rendered":"https:\/\/docteurdudemenagement.com\/services\/local-moving\/"},"modified":"2025-07-11T10:09:40","modified_gmt":"2025-07-11T10:09:40","slug":"demenagement-local","status":"publish","type":"page","link":"https:\/\/docteurdudemenagement.com\/fr\/services\/demenagement-local\/","title":{"rendered":"D\u00e9m\u00e9nagement local"},"content":{"rendered":"","protected":false},"excerpt":{"rendered":"","protected":false},"author":9,"featured_media":0,"parent":587,"menu_order":0,"comment_status":"closed","ping_status":"closed","template":"template-service.php","meta":{"_acf_changed":false,"footnotes":""},"class_list":["post-598","page","type-page","status-publish","hentry"],"acf":[],"yoast_head":"<!-- This site is optimized with the Yoast SEO plugin v25.5 - https:\/\/yoast.com\/wordpress\/plugins\/seo\/ -->\n<title>Services de d\u00e9m\u00e9nagement locaux \u00e0 Rosem\u00e8re, Sainte-Dorothy, Saint-Eustache et \u00e0 proximit\u00e9 \u2013 Doctor Movers<\/title>\n<meta name=\"description\" content=\"Faites confiance \u00e0 Doctor Movers pour un d\u00e9m\u00e9nagement local \u00e0 Boisbriand, Sainte Th\u00e9r\u00e8se, Bois des Filion et deux r\u00e9gions montagneuses Des d\u00e9m\u00e9nageurs fiables et abordables pr\u00e8s de chez vous.\" \/>\n<meta name=\"robots\" content=\"index, follow, max-snippet:-1, max-image-preview:large, max-video-preview:-1\" \/>\n<link rel=\"canonical\" href=\"https:\/\/docteurdudemenagement.com\/fr\/services\/demenagement-local\/\" \/>\n<meta property=\"og:locale\" content=\"fr_FR\" \/>\n<meta property=\"og:type\" content=\"article\" \/>\n<meta property=\"og:title\" content=\"Services de d\u00e9m\u00e9nagement locaux \u00e0 Rosem\u00e8re, Sainte-Dorothy, Saint-Eustache et \u00e0 proximit\u00e9 \u2013 Doctor Movers\" \/>\n<meta property=\"og:description\" content=\"Faites confiance \u00e0 Doctor Movers pour un d\u00e9m\u00e9nagement local \u00e0 Boisbriand, Sainte Th\u00e9r\u00e8se, Bois des Filion et deux r\u00e9gions montagneuses Des d\u00e9m\u00e9nageurs fiables et abordables pr\u00e8s de chez vous.\" \/>\n<meta property=\"og:url\" content=\"https:\/\/docteurdudemenagement.com\/fr\/services\/demenagement-local\/\" \/>\n<meta property=\"og:site_name\" content=\"Doctor Mover\" \/>\n<meta property=\"article:modified_time\" content=\"2025-07-11T10:09:40+00:00\" \/>\n<meta name=\"twitter:card\" content=\"summary_large_image\" \/>\n<meta name=\"twitter:label1\" content=\"Dur\u00e9e de lecture estim\u00e9e\" \/>\n\t<meta name=\"twitter:data1\" content=\"3 minutes\" \/>\n<script type=\"application\/ld+json\" class=\"yoast-schema-graph\">{\"@context\":\"https:\/\/schema.org\",\"@graph\":[{\"@type\":\"WebPage\",\"@id\":\"https:\/\/docteurdudemenagement.com\/fr\/services\/demenagement-local\/\",\"url\":\"https:\/\/docteurdudemenagement.com\/fr\/services\/demenagement-local\/\",\"name\":\"Services de d\u00e9m\u00e9nagement locaux \u00e0 Rosem\u00e8re, Sainte-Dorothy, Saint-Eustache et \u00e0 proximit\u00e9 \u2013 Doctor Movers\",\"isPartOf\":{\"@id\":\"https:\/\/docteurdudemenagement.com\/#website\"},\"datePublished\":\"2024-02-22T05:10:30+00:00\",\"dateModified\":\"2025-07-11T10:09:40+00:00\",\"description\":\"Faites confiance \u00e0 Doctor Movers pour un d\u00e9m\u00e9nagement local \u00e0 Boisbriand, Sainte Th\u00e9r\u00e8se, Bois des Filion et deux r\u00e9gions montagneuses Des d\u00e9m\u00e9nageurs fiables et abordables pr\u00e8s de chez vous.\",\"breadcrumb\":{\"@id\":\"https:\/\/docteurdudemenagement.com\/fr\/services\/demenagement-local\/#breadcrumb\"},\"inLanguage\":\"fr-FR\",\"potentialAction\":[{\"@type\":\"ReadAction\",\"target\":[\"https:\/\/docteurdudemenagement.com\/fr\/services\/demenagement-local\/\"]}]},{\"@type\":\"BreadcrumbList\",\"@id\":\"https:\/\/docteurdudemenagement.com\/fr\/services\/demenagement-local\/#breadcrumb\",\"itemListElement\":[{\"@type\":\"ListItem\",\"position\":1,\"name\":\"Services\",\"item\":\"https:\/\/docteurdudemenagement.com\/fr\/services\/\"},{\"@type\":\"ListItem\",\"position\":2,\"name\":\"D\u00e9m\u00e9nagement local\"}]},{\"@type\":\"WebSite\",\"@id\":\"https:\/\/docteurdudemenagement.com\/#website\",\"url\":\"https:\/\/docteurdudemenagement.com\/\",\"name\":\"Doctor Mover\",\"description\":\"La prescription ultime pour un d\u00e9m\u00e9nagement r\u00e9ussi !\",\"potentialAction\":[{\"@type\":\"SearchAction\",\"target\":{\"@type\":\"EntryPoint\",\"urlTemplate\":\"https:\/\/docteurdudemenagement.com\/?s={search_term_string}\"},\"query-input\":{\"@type\":\"PropertyValueSpecification\",\"valueRequired\":true,\"valueName\":\"search_term_string\"}}],\"inLanguage\":\"fr-FR\"}]}<\/script>\n<!-- \/ Yoast SEO plugin. -->","yoast_head_json":{"title":"Services de d\u00e9m\u00e9nagement locaux \u00e0 Rosem\u00e8re, Sainte-Dorothy, Saint-Eustache et \u00e0 proximit\u00e9 \u2013 Doctor Movers","description":"Faites confiance \u00e0 Doctor Movers pour un d\u00e9m\u00e9nagement local \u00e0 Boisbriand, Sainte Th\u00e9r\u00e8se, Bois des Filion et deux r\u00e9gions montagneuses Des d\u00e9m\u00e9nageurs fiables et abordables pr\u00e8s de chez vous.","robots":{"index":"index","follow":"follow","max-snippet":"max-snippet:-1","max-image-preview":"max-image-preview:large","max-video-preview":"max-video-preview:-1"},"canonical":"https:\/\/docteurdudemenagement.com\/fr\/services\/demenagement-local\/","og_locale":"fr_FR","og_type":"article","og_title":"Services de d\u00e9m\u00e9nagement locaux \u00e0 Rosem\u00e8re, Sainte-Dorothy, Saint-Eustache et \u00e0 proximit\u00e9 \u2013 Doctor Movers","og_description":"Faites confiance \u00e0 Doctor Movers pour un d\u00e9m\u00e9nagement local \u00e0 Boisbriand, Sainte Th\u00e9r\u00e8se, Bois des Filion et deux r\u00e9gions montagneuses Des d\u00e9m\u00e9nageurs fiables et abordables pr\u00e8s de chez vous.","og_url":"https:\/\/docteurdudemenagement.com\/fr\/services\/demenagement-local\/","og_site_name":"Doctor Mover","article_modified_time":"2025-07-11T10:09:40+00:00","twitter_card":"summary_large_image","twitter_misc":{"Dur\u00e9e de lecture estim\u00e9e":"3 minutes"},"schema":{"@context":"https:\/\/schema.org","@graph":[{"@type":"WebPage","@id":"https:\/\/docteurdudemenagement.com\/fr\/services\/demenagement-local\/","url":"https:\/\/docteurdudemenagement.com\/fr\/services\/demenagement-local\/","name":"Services de d\u00e9m\u00e9nagement locaux \u00e0 Rosem\u00e8re, Sainte-Dorothy, Saint-Eustache et \u00e0 proximit\u00e9 \u2013 Doctor Movers","isPartOf":{"@id":"https:\/\/docteurdudemenagement.com\/#website"},"datePublished":"2024-02-22T05:10:30+00:00","dateModified":"2025-07-11T10:09:40+00:00","description":"Faites confiance \u00e0 Doctor Movers pour un d\u00e9m\u00e9nagement local \u00e0 Boisbriand, Sainte Th\u00e9r\u00e8se, Bois des Filion et deux r\u00e9gions montagneuses Des d\u00e9m\u00e9nageurs fiables et abordables pr\u00e8s de chez vous.","breadcrumb":{"@id":"https:\/\/docteurdudemenagement.com\/fr\/services\/demenagement-local\/#breadcrumb"},"inLanguage":"fr-FR","potentialAction":[{"@type":"ReadAction","target":["https:\/\/docteurdudemenagement.com\/fr\/services\/demenagement-local\/"]}]},{"@type":"BreadcrumbList","@id":"https:\/\/docteurdudemenagement.com\/fr\/services\/demenagement-local\/#breadcrumb","itemListElement":[{"@type":"ListItem","position":1,"name":"Services","item":"https:\/\/docteurdudemenagement.com\/fr\/services\/"},{"@type":"ListItem","position":2,"name":"D\u00e9m\u00e9nagement local"}]},{"@type":"WebSite","@id":"https:\/\/docteurdudemenagement.com\/#website","url":"https:\/\/docteurdudemenagement.com\/","name":"Doctor Mover","description":"La prescription ultime pour un d\u00e9m\u00e9nagement r\u00e9ussi !","potentialAction":[{"@type":"SearchAction","target":{"@type":"EntryPoint","urlTemplate":"https:\/\/docteurdudemenagement.com\/?s={search_term_string}"},"query-input":{"@type":"PropertyValueSpecification","valueRequired":true,"valueName":"search_term_string"}}],"inLanguage":"fr-FR"}]}},"_links":{"self":[{"href":"https:\/\/docteurdudemenagement.com\/fr\/wp-json\/wp\/v2\/pages\/598","targetHints":{"allow":["GET"]}}],"collection":[{"href":"https:\/\/docteurdudemenagement.com\/fr\/wp-json\/wp\/v2\/pages"}],"about":[{"href":"https:\/\/docteurdudemenagement.com\/fr\/wp-json\/wp\/v2\/types\/page"}],"author":[{"embeddable":true,"href":"https:\/\/docteurdudemenagement.com\/fr\/wp-json\/wp\/v2\/users\/9"}],"replies":[{"embeddable":true,"href":"https:\/\/docteurdudemenagement.com\/fr\/wp-json\/wp\/v2\/comments?post=598"}],"version-history":[{"count":13,"href":"https:\/\/docteurdudemenagement.com\/fr\/wp-json\/wp\/v2\/pages\/598\/revisions"}],"predecessor-version":[{"id":1237,"href":"https:\/\/docteurdudemenagement.com\/fr\/wp-json\/wp\/v2\/pages\/598\/revisions\/1237"}],"up":[{"embeddable":true,"href":"https:\/\/docteurdudemenagement.com\/fr\/wp-json\/wp\/v2\/pages\/587"}],"wp:attachment":[{"href":"https:\/\/docteurdudemenagement.com\/fr\/wp-json\/wp\/v2\/media?parent=598"}],"curies":[{"name":"wp","href":"https:\/\/api.w.org\/{rel}","templated":true}]}}