{"id":601,"date":"2024-02-22T05:11:09","date_gmt":"2024-02-22T05:11:09","guid":{"rendered":"https:\/\/docteurdudemenagement.com\/services\/long-distance-moving\/"},"modified":"2024-05-31T14:32:58","modified_gmt":"2024-05-31T14:32:58","slug":"demenagement-longue-distance","status":"publish","type":"page","link":"https:\/\/docteurdudemenagement.com\/fr\/services\/demenagement-longue-distance\/","title":{"rendered":"D\u00e9m\u00e9nagement longue distance"},"content":{"rendered":"","protected":false},"excerpt":{"rendered":"","protected":false},"author":9,"featured_media":0,"parent":587,"menu_order":0,"comment_status":"closed","ping_status":"closed","template":"template-service.php","meta":{"_acf_changed":false,"footnotes":""},"class_list":["post-601","page","type-page","status-publish","hentry"],"acf":[],"yoast_head":"<!-- This site is optimized with the Yoast SEO plugin v25.5 - https:\/\/yoast.com\/wordpress\/plugins\/seo\/ -->\n<title>D\u00e9m\u00e9nagement longue distance - Docteur D\u00e9m\u00e9nageur<\/title>\n<meta name=\"description\" content=\"De la planification m\u00e9ticuleuse au transport s\u00e9curis\u00e9, nous g\u00e9rons tous les aspects de votre d\u00e9m\u00e9nagement longue distance avec pr\u00e9cision.\" \/>\n<meta name=\"robots\" content=\"index, follow, max-snippet:-1, max-image-preview:large, max-video-preview:-1\" \/>\n<link rel=\"canonical\" href=\"https:\/\/docteurdudemenagement.com\/fr\/services\/demenagement-longue-distance\/\" \/>\n<meta property=\"og:locale\" content=\"fr_FR\" \/>\n<meta property=\"og:type\" content=\"article\" \/>\n<meta property=\"og:title\" content=\"D\u00e9m\u00e9nagement longue distance - Docteur D\u00e9m\u00e9nageur\" \/>\n<meta property=\"og:description\" content=\"De la planification m\u00e9ticuleuse au transport s\u00e9curis\u00e9, nous g\u00e9rons tous les aspects de votre d\u00e9m\u00e9nagement longue distance avec pr\u00e9cision.\" \/>\n<meta property=\"og:url\" content=\"https:\/\/docteurdudemenagement.com\/fr\/services\/demenagement-longue-distance\/\" \/>\n<meta property=\"og:site_name\" content=\"Doctor Mover\" \/>\n<meta property=\"article:modified_time\" content=\"2024-05-31T14:32:58+00:00\" \/>\n<meta name=\"twitter:card\" content=\"summary_large_image\" \/>\n<meta name=\"twitter:label1\" content=\"Dur\u00e9e de lecture estim\u00e9e\" \/>\n\t<meta name=\"twitter:data1\" content=\"3 minutes\" \/>\n<script type=\"application\/ld+json\" class=\"yoast-schema-graph\">{\"@context\":\"https:\/\/schema.org\",\"@graph\":[{\"@type\":\"WebPage\",\"@id\":\"https:\/\/docteurdudemenagement.com\/fr\/services\/demenagement-longue-distance\/\",\"url\":\"https:\/\/docteurdudemenagement.com\/fr\/services\/demenagement-longue-distance\/\",\"name\":\"D\u00e9m\u00e9nagement longue distance - Docteur D\u00e9m\u00e9nageur\",\"isPartOf\":{\"@id\":\"https:\/\/docteurdudemenagement.com\/#website\"},\"datePublished\":\"2024-02-22T05:11:09+00:00\",\"dateModified\":\"2024-05-31T14:32:58+00:00\",\"description\":\"De la planification m\u00e9ticuleuse au transport s\u00e9curis\u00e9, nous g\u00e9rons tous les aspects de votre d\u00e9m\u00e9nagement longue distance avec pr\u00e9cision.\",\"breadcrumb\":{\"@id\":\"https:\/\/docteurdudemenagement.com\/fr\/services\/demenagement-longue-distance\/#breadcrumb\"},\"inLanguage\":\"fr-FR\",\"potentialAction\":[{\"@type\":\"ReadAction\",\"target\":[\"https:\/\/docteurdudemenagement.com\/fr\/services\/demenagement-longue-distance\/\"]}]},{\"@type\":\"BreadcrumbList\",\"@id\":\"https:\/\/docteurdudemenagement.com\/fr\/services\/demenagement-longue-distance\/#breadcrumb\",\"itemListElement\":[{\"@type\":\"ListItem\",\"position\":1,\"name\":\"Services\",\"item\":\"https:\/\/docteurdudemenagement.com\/fr\/services\/\"},{\"@type\":\"ListItem\",\"position\":2,\"name\":\"D\u00e9m\u00e9nagement longue distance\"}]},{\"@type\":\"WebSite\",\"@id\":\"https:\/\/docteurdudemenagement.com\/#website\",\"url\":\"https:\/\/docteurdudemenagement.com\/\",\"name\":\"Doctor Mover\",\"description\":\"La prescription ultime pour un d\u00e9m\u00e9nagement r\u00e9ussi !\",\"potentialAction\":[{\"@type\":\"SearchAction\",\"target\":{\"@type\":\"EntryPoint\",\"urlTemplate\":\"https:\/\/docteurdudemenagement.com\/?s={search_term_string}\"},\"query-input\":{\"@type\":\"PropertyValueSpecification\",\"valueRequired\":true,\"valueName\":\"search_term_string\"}}],\"inLanguage\":\"fr-FR\"}]}<\/script>\n<!-- \/ Yoast SEO plugin. -->","yoast_head_json":{"title":"D\u00e9m\u00e9nagement longue distance - Docteur D\u00e9m\u00e9nageur","description":"De la planification m\u00e9ticuleuse au transport s\u00e9curis\u00e9, nous g\u00e9rons tous les aspects de votre d\u00e9m\u00e9nagement longue distance avec pr\u00e9cision.","robots":{"index":"index","follow":"follow","max-snippet":"max-snippet:-1","max-image-preview":"max-image-preview:large","max-video-preview":"max-video-preview:-1"},"canonical":"https:\/\/docteurdudemenagement.com\/fr\/services\/demenagement-longue-distance\/","og_locale":"fr_FR","og_type":"article","og_title":"D\u00e9m\u00e9nagement longue distance - Docteur D\u00e9m\u00e9nageur","og_description":"De la planification m\u00e9ticuleuse au transport s\u00e9curis\u00e9, nous g\u00e9rons tous les aspects de votre d\u00e9m\u00e9nagement longue distance avec pr\u00e9cision.","og_url":"https:\/\/docteurdudemenagement.com\/fr\/services\/demenagement-longue-distance\/","og_site_name":"Doctor Mover","article_modified_time":"2024-05-31T14:32:58+00:00","twitter_card":"summary_large_image","twitter_misc":{"Dur\u00e9e de lecture estim\u00e9e":"3 minutes"},"schema":{"@context":"https:\/\/schema.org","@graph":[{"@type":"WebPage","@id":"https:\/\/docteurdudemenagement.com\/fr\/services\/demenagement-longue-distance\/","url":"https:\/\/docteurdudemenagement.com\/fr\/services\/demenagement-longue-distance\/","name":"D\u00e9m\u00e9nagement longue distance - Docteur D\u00e9m\u00e9nageur","isPartOf":{"@id":"https:\/\/docteurdudemenagement.com\/#website"},"datePublished":"2024-02-22T05:11:09+00:00","dateModified":"2024-05-31T14:32:58+00:00","description":"De la planification m\u00e9ticuleuse au transport s\u00e9curis\u00e9, nous g\u00e9rons tous les aspects de votre d\u00e9m\u00e9nagement longue distance avec pr\u00e9cision.","breadcrumb":{"@id":"https:\/\/docteurdudemenagement.com\/fr\/services\/demenagement-longue-distance\/#breadcrumb"},"inLanguage":"fr-FR","potentialAction":[{"@type":"ReadAction","target":["https:\/\/docteurdudemenagement.com\/fr\/services\/demenagement-longue-distance\/"]}]},{"@type":"BreadcrumbList","@id":"https:\/\/docteurdudemenagement.com\/fr\/services\/demenagement-longue-distance\/#breadcrumb","itemListElement":[{"@type":"ListItem","position":1,"name":"Services","item":"https:\/\/docteurdudemenagement.com\/fr\/services\/"},{"@type":"ListItem","position":2,"name":"D\u00e9m\u00e9nagement longue distance"}]},{"@type":"WebSite","@id":"https:\/\/docteurdudemenagement.com\/#website","url":"https:\/\/docteurdudemenagement.com\/","name":"Doctor Mover","description":"La prescription ultime pour un d\u00e9m\u00e9nagement r\u00e9ussi !","potentialAction":[{"@type":"SearchAction","target":{"@type":"EntryPoint","urlTemplate":"https:\/\/docteurdudemenagement.com\/?s={search_term_string}"},"query-input":{"@type":"PropertyValueSpecification","valueRequired":true,"valueName":"search_term_string"}}],"inLanguage":"fr-FR"}]}},"_links":{"self":[{"href":"https:\/\/docteurdudemenagement.com\/fr\/wp-json\/wp\/v2\/pages\/601","targetHints":{"allow":["GET"]}}],"collection":[{"href":"https:\/\/docteurdudemenagement.com\/fr\/wp-json\/wp\/v2\/pages"}],"about":[{"href":"https:\/\/docteurdudemenagement.com\/fr\/wp-json\/wp\/v2\/types\/page"}],"author":[{"embeddable":true,"href":"https:\/\/docteurdudemenagement.com\/fr\/wp-json\/wp\/v2\/users\/9"}],"replies":[{"embeddable":true,"href":"https:\/\/docteurdudemenagement.com\/fr\/wp-json\/wp\/v2\/comments?post=601"}],"version-history":[{"count":14,"href":"https:\/\/docteurdudemenagement.com\/fr\/wp-json\/wp\/v2\/pages\/601\/revisions"}],"predecessor-version":[{"id":1045,"href":"https:\/\/docteurdudemenagement.com\/fr\/wp-json\/wp\/v2\/pages\/601\/revisions\/1045"}],"up":[{"embeddable":true,"href":"https:\/\/docteurdudemenagement.com\/fr\/wp-json\/wp\/v2\/pages\/587"}],"wp:attachment":[{"href":"https:\/\/docteurdudemenagement.com\/fr\/wp-json\/wp\/v2\/media?parent=601"}],"curies":[{"name":"wp","href":"https:\/\/api.w.org\/{rel}","templated":true}]}}