{"id":604,"date":"2024-02-22T05:11:19","date_gmt":"2024-02-22T05:11:19","guid":{"rendered":"https:\/\/docteurdudemenagement.com\/services\/packaging-service\/"},"modified":"2024-03-11T14:27:00","modified_gmt":"2024-03-11T14:27:00","slug":"service-emballage","status":"publish","type":"page","link":"https:\/\/docteurdudemenagement.com\/fr\/services\/service-emballage\/","title":{"rendered":"Service d&#8217;emballage"},"content":{"rendered":"","protected":false},"excerpt":{"rendered":"","protected":false},"author":9,"featured_media":0,"parent":587,"menu_order":0,"comment_status":"closed","ping_status":"closed","template":"template-service.php","meta":{"_acf_changed":false,"footnotes":""},"class_list":["post-604","page","type-page","status-publish","hentry"],"acf":[],"yoast_head":"<!-- This site is optimized with the Yoast SEO plugin v25.5 - https:\/\/yoast.com\/wordpress\/plugins\/seo\/ -->\n<title>Service d&#039;emballage - Doctor Mover<\/title>\n<meta name=\"description\" content=\"Services d&#039;emballage efficaces et professionnels adapt\u00e9s \u00e0 vos besoins. Notre Service d&#039;emballage garantit une manipulation s\u00fbre et s\u00e9curis\u00e9e\" \/>\n<meta name=\"robots\" content=\"index, follow, max-snippet:-1, max-image-preview:large, max-video-preview:-1\" \/>\n<link rel=\"canonical\" href=\"https:\/\/docteurdudemenagement.com\/fr\/services\/service-emballage\/\" \/>\n<meta property=\"og:locale\" content=\"fr_FR\" \/>\n<meta property=\"og:type\" content=\"article\" \/>\n<meta property=\"og:title\" content=\"Service d&#039;emballage - Doctor Mover\" \/>\n<meta property=\"og:description\" content=\"Services d&#039;emballage efficaces et professionnels adapt\u00e9s \u00e0 vos besoins. Notre Service d&#039;emballage garantit une manipulation s\u00fbre et s\u00e9curis\u00e9e\" \/>\n<meta property=\"og:url\" content=\"https:\/\/docteurdudemenagement.com\/fr\/services\/service-emballage\/\" \/>\n<meta property=\"og:site_name\" content=\"Doctor Mover\" \/>\n<meta property=\"article:modified_time\" content=\"2024-03-11T14:27:00+00:00\" \/>\n<meta name=\"twitter:card\" content=\"summary_large_image\" \/>\n<meta name=\"twitter:label1\" content=\"Dur\u00e9e de lecture estim\u00e9e\" \/>\n\t<meta name=\"twitter:data1\" content=\"1 minute\" \/>\n<script type=\"application\/ld+json\" class=\"yoast-schema-graph\">{\"@context\":\"https:\/\/schema.org\",\"@graph\":[{\"@type\":\"WebPage\",\"@id\":\"https:\/\/docteurdudemenagement.com\/fr\/services\/service-emballage\/\",\"url\":\"https:\/\/docteurdudemenagement.com\/fr\/services\/service-emballage\/\",\"name\":\"Service d'emballage - Doctor Mover\",\"isPartOf\":{\"@id\":\"https:\/\/docteurdudemenagement.com\/#website\"},\"datePublished\":\"2024-02-22T05:11:19+00:00\",\"dateModified\":\"2024-03-11T14:27:00+00:00\",\"description\":\"Services d'emballage efficaces et professionnels adapt\u00e9s \u00e0 vos besoins. Notre Service d'emballage garantit une manipulation s\u00fbre et s\u00e9curis\u00e9e\",\"breadcrumb\":{\"@id\":\"https:\/\/docteurdudemenagement.com\/fr\/services\/service-emballage\/#breadcrumb\"},\"inLanguage\":\"fr-FR\",\"potentialAction\":[{\"@type\":\"ReadAction\",\"target\":[\"https:\/\/docteurdudemenagement.com\/fr\/services\/service-emballage\/\"]}]},{\"@type\":\"BreadcrumbList\",\"@id\":\"https:\/\/docteurdudemenagement.com\/fr\/services\/service-emballage\/#breadcrumb\",\"itemListElement\":[{\"@type\":\"ListItem\",\"position\":1,\"name\":\"Services\",\"item\":\"https:\/\/docteurdudemenagement.com\/fr\/services\/\"},{\"@type\":\"ListItem\",\"position\":2,\"name\":\"Service d&#8217;emballage\"}]},{\"@type\":\"WebSite\",\"@id\":\"https:\/\/docteurdudemenagement.com\/#website\",\"url\":\"https:\/\/docteurdudemenagement.com\/\",\"name\":\"Doctor Mover\",\"description\":\"La prescription ultime pour un d\u00e9m\u00e9nagement r\u00e9ussi !\",\"potentialAction\":[{\"@type\":\"SearchAction\",\"target\":{\"@type\":\"EntryPoint\",\"urlTemplate\":\"https:\/\/docteurdudemenagement.com\/?s={search_term_string}\"},\"query-input\":{\"@type\":\"PropertyValueSpecification\",\"valueRequired\":true,\"valueName\":\"search_term_string\"}}],\"inLanguage\":\"fr-FR\"}]}<\/script>\n<!-- \/ Yoast SEO plugin. -->","yoast_head_json":{"title":"Service d'emballage - Doctor Mover","description":"Services d'emballage efficaces et professionnels adapt\u00e9s \u00e0 vos besoins. Notre Service d'emballage garantit une manipulation s\u00fbre et s\u00e9curis\u00e9e","robots":{"index":"index","follow":"follow","max-snippet":"max-snippet:-1","max-image-preview":"max-image-preview:large","max-video-preview":"max-video-preview:-1"},"canonical":"https:\/\/docteurdudemenagement.com\/fr\/services\/service-emballage\/","og_locale":"fr_FR","og_type":"article","og_title":"Service d'emballage - Doctor Mover","og_description":"Services d'emballage efficaces et professionnels adapt\u00e9s \u00e0 vos besoins. Notre Service d'emballage garantit une manipulation s\u00fbre et s\u00e9curis\u00e9e","og_url":"https:\/\/docteurdudemenagement.com\/fr\/services\/service-emballage\/","og_site_name":"Doctor Mover","article_modified_time":"2024-03-11T14:27:00+00:00","twitter_card":"summary_large_image","twitter_misc":{"Dur\u00e9e de lecture estim\u00e9e":"1 minute"},"schema":{"@context":"https:\/\/schema.org","@graph":[{"@type":"WebPage","@id":"https:\/\/docteurdudemenagement.com\/fr\/services\/service-emballage\/","url":"https:\/\/docteurdudemenagement.com\/fr\/services\/service-emballage\/","name":"Service d'emballage - Doctor Mover","isPartOf":{"@id":"https:\/\/docteurdudemenagement.com\/#website"},"datePublished":"2024-02-22T05:11:19+00:00","dateModified":"2024-03-11T14:27:00+00:00","description":"Services d'emballage efficaces et professionnels adapt\u00e9s \u00e0 vos besoins. Notre Service d'emballage garantit une manipulation s\u00fbre et s\u00e9curis\u00e9e","breadcrumb":{"@id":"https:\/\/docteurdudemenagement.com\/fr\/services\/service-emballage\/#breadcrumb"},"inLanguage":"fr-FR","potentialAction":[{"@type":"ReadAction","target":["https:\/\/docteurdudemenagement.com\/fr\/services\/service-emballage\/"]}]},{"@type":"BreadcrumbList","@id":"https:\/\/docteurdudemenagement.com\/fr\/services\/service-emballage\/#breadcrumb","itemListElement":[{"@type":"ListItem","position":1,"name":"Services","item":"https:\/\/docteurdudemenagement.com\/fr\/services\/"},{"@type":"ListItem","position":2,"name":"Service d&#8217;emballage"}]},{"@type":"WebSite","@id":"https:\/\/docteurdudemenagement.com\/#website","url":"https:\/\/docteurdudemenagement.com\/","name":"Doctor Mover","description":"La prescription ultime pour un d\u00e9m\u00e9nagement r\u00e9ussi !","potentialAction":[{"@type":"SearchAction","target":{"@type":"EntryPoint","urlTemplate":"https:\/\/docteurdudemenagement.com\/?s={search_term_string}"},"query-input":{"@type":"PropertyValueSpecification","valueRequired":true,"valueName":"search_term_string"}}],"inLanguage":"fr-FR"}]}},"_links":{"self":[{"href":"https:\/\/docteurdudemenagement.com\/fr\/wp-json\/wp\/v2\/pages\/604","targetHints":{"allow":["GET"]}}],"collection":[{"href":"https:\/\/docteurdudemenagement.com\/fr\/wp-json\/wp\/v2\/pages"}],"about":[{"href":"https:\/\/docteurdudemenagement.com\/fr\/wp-json\/wp\/v2\/types\/page"}],"author":[{"embeddable":true,"href":"https:\/\/docteurdudemenagement.com\/fr\/wp-json\/wp\/v2\/users\/9"}],"replies":[{"embeddable":true,"href":"https:\/\/docteurdudemenagement.com\/fr\/wp-json\/wp\/v2\/comments?post=604"}],"version-history":[{"count":10,"href":"https:\/\/docteurdudemenagement.com\/fr\/wp-json\/wp\/v2\/pages\/604\/revisions"}],"predecessor-version":[{"id":925,"href":"https:\/\/docteurdudemenagement.com\/fr\/wp-json\/wp\/v2\/pages\/604\/revisions\/925"}],"up":[{"embeddable":true,"href":"https:\/\/docteurdudemenagement.com\/fr\/wp-json\/wp\/v2\/pages\/587"}],"wp:attachment":[{"href":"https:\/\/docteurdudemenagement.com\/fr\/wp-json\/wp\/v2\/media?parent=604"}],"curies":[{"name":"wp","href":"https:\/\/api.w.org\/{rel}","templated":true}]}}